{"id":7275,"date":"2021-08-07T11:46:37","date_gmt":"2021-08-07T09:46:37","guid":{"rendered":"https:\/\/www.pictofoundation.fr\/1648455247864\/experimenting-with-images\/bourse-du-talent\/"},"modified":"2022-03-29T18:23:32","modified_gmt":"2022-03-29T16:23:32","slug":"bourse-du-talent","status":"publish","type":"page","link":"https:\/\/www.pictofoundation.fr\/en\/experimenting-with-images\/bourse-du-talent\/","title":{"rendered":"Bourse du Talent"},"content":{"rendered":"<p>[vc_row full_width=&#8221;stretch_row_content_no_spaces&#8221; full_height=&#8221;yes&#8221; awb_type=&#8221;image&#8221; awb_image_background_position=&#8221;50% 50%&#8221; awb_color=&#8221;rgba(0,0,0,0.75)&#8221; awb_image=&#8221;5067&#8243;][vc_column][vc_custom_heading source=&#8221;post_title&#8221; font_container=&#8221;tag:div|font_size:50|text_align:center|color:%23ffffff&#8221; google_fonts=&#8221;font_family:Lato%3A100%2C100italic%2C300%2C300italic%2Cregular%2Citalic%2C700%2C700italic%2C900%2C900italic|font_style:700%20bold%20regular%3A700%3Anormal&#8221;]<div id=\"ultimate-heading-600769fe0e7c57c74\" class=\"uvc-heading ult-adjust-bottom-margin ultimate-heading-600769fe0e7c57c74 uvc-2230 \" data-hspacer=\"no_spacer\"  data-halign=\"center\" style=\"text-align:center\"><div class=\"uvc-heading-spacer no_spacer\" style=\"top\"><\/div><div class=\"uvc-sub-heading ult-responsive\"  data-ultimate-target='.uvc-heading.ultimate-heading-600769fe0e7c57c74 .uvc-sub-heading '  data-responsive-json-new='{\"font-size\":\"desktop:20px;\",\"line-height\":\"\"}'  style=\"font-family:&#039;Lato&#039;;font-weight:300;color:#ffffff;\">Highlighting photographers<\/div><\/div>[\/vc_column][\/vc_row][vc_row full_width=&#8221;stretch_row_content&#8221;][vc_column][vc_column_text el_class=&#8221;legendes&#8221;]<\/p>\n<p style=\"text-align: right;\">\u00a0\u00a9 Charles X\u00e9lot \/ Laureate of Bourse du Talent 2019<\/p>\n<p>[\/vc_column_text][\/vc_column][\/vc_row][vc_section][vc_row][vc_column width=&#8221;1\/6&#8243;][\/vc_column][vc_column width=&#8221;2\/3&#8243;][vc_column_text]Picto Foundation supports Didier de Fa\u00ffs and photographie.com in the implementation and development of the Bourse du Talent, in the continuity of Picto&#8217;s involvement since its creation.<\/p>\n<p><strong>The Bourse du Talent is a distinction in photography<\/strong>. Since 1998, it has rewarded the talent of young photographers at the beginning of their careers. It relies on a network of photography professionals, experts in several significant fields: the press, galleries, exhibition curatorship and publishing. They comprise the juries, in which a professional photographer is systematically involved. They contribute to the legitimacy and strong reputation of the Bourse du Talent, whose expertise marks and shapes the photographers&#8217; careers.<\/p>\n<p><strong>The Bourse du Talent offers an interpretation and a selection 4 times a year, in 4 categories<\/strong>: reportage, portrait, fashion and landscape. An exhibition at the BnF in Paris, accompanied by a book published by Robert Delpire, presents the work of the four selected photographers and the year&#8217;s favourites. Based on the principle that creation cannot be separated from history and heritage, the Bourse du Talent offers photographers, thanks to the BnF, an opportunity to join the institution&#8217;s collections.<\/p>\n<p>Alongside Picto Foundation and photographie.com, many loyal partners support the programme each year: Lumi\u00e8re Ilford, Louis R\u0153derer Foundation, PixTrack, La Maison de l&#8217;Image, \u00c9ditions Robert Delpire and the Bnf in particular.[\/vc_column_text]<div class=\"ult-spacer spacer-69fe0e7c57ccc\" data-id=\"69fe0e7c57ccc\" data-height=\"50\" data-height-mobile=\"50\" data-height-tab=\"50\" data-height-tab-portrait=\"\" data-height-mobile-landscape=\"\" style=\"clear:both;display:block;\"><\/div>[\/vc_column][vc_column width=&#8221;1\/6&#8243;][\/vc_column][\/vc_row][\/vc_section]<\/p>\n","protected":false},"excerpt":{"rendered":"<p>[vc_row full_width=&#8221;stretch_row_content_no_spaces&#8221; full_height=&#8221;yes&#8221; awb_type=&#8221;image&#8221; awb_image_background_position=&#8221;50% 50%&#8221; awb_color=&#8221;rgba(0,0,0,0.75)&#8221; awb_image=&#8221;5067&#8243;][vc_column][vc_custom_heading source=&#8221;post_title&#8221; font_container=&#8221;tag:div|font_size:50|text_align:center|color:%23ffffff&#8221; google_fonts=&#8221;font_family:Lato%3A100%2C100italic%2C300%2C300italic%2Cregular%2Citalic%2C700%2C700italic%2C900%2C900italic|font_style:700%20bold%20regular%3A700%3Anormal&#8221;][\/vc_column][\/vc_row][vc_row full_width=&#8221;stretch_row_content&#8221;][vc_column][vc_column_text el_class=&#8221;legendes&#8221;] \u00a0\u00a9 Charles X\u00e9lot \/ Laureate of Bourse du Talent 2019 [\/vc_column_text][\/vc_column][\/vc_row][vc_section][vc_row][vc_column width=&#8221;1\/6&#8243;][\/vc_column][vc_column width=&#8221;2\/3&#8243;][vc_column_text]Picto Foundation supports Didier de Fa\u00ffs and photographie.com in the implementation and development of the Bourse du Talent, in the continuity of Picto&#8217;s involvement since its creation. The Bourse du [&hellip;]<\/p>\n","protected":false},"author":3,"featured_media":6857,"parent":7141,"menu_order":0,"comment_status":"closed","ping_status":"closed","template":"template-custom-page.php","meta":{"_acf_changed":false,"_vp_format_video_url":"","_vp_image_focal_point":[],"footnotes":""},"class_list":["post-7275","page","type-page","status-publish","has-post-thumbnail","hentry"],"acf":[],"yoast_head":"<!-- This site is optimized with the Yoast SEO plugin v25.4 - https:\/\/yoast.com\/wordpress\/plugins\/seo\/ -->\n<title>Bourse du Talent - Picto Foundation<\/title>\n<meta name=\"robots\" content=\"index, follow, max-snippet:-1, max-image-preview:large, max-video-preview:-1\" \/>\n<link rel=\"canonical\" href=\"https:\/\/www.pictofoundation.fr\/en\/experimenting-with-images\/bourse-du-talent\/\" \/>\n<meta property=\"og:locale\" content=\"en_US\" \/>\n<meta property=\"og:type\" content=\"article\" \/>\n<meta property=\"og:title\" content=\"Bourse du Talent - Picto Foundation\" \/>\n<meta property=\"og:description\" content=\"[vc_row full_width=&#8221;stretch_row_content_no_spaces&#8221; full_height=&#8221;yes&#8221; awb_type=&#8221;image&#8221; awb_image_background_position=&#8221;50% 50%&#8221; awb_color=&#8221;rgba(0,0,0,0.75)&#8221; awb_image=&#8221;5067&#8243;][vc_column][vc_custom_heading source=&#8221;post_title&#8221; font_container=&#8221;tag:div|font_size:50|text_align:center|color:%23ffffff&#8221; google_fonts=&#8221;font_family:Lato%3A100%2C100italic%2C300%2C300italic%2Cregular%2Citalic%2C700%2C700italic%2C900%2C900italic|font_style:700%20bold%20regular%3A700%3Anormal&#8221;][\/vc_column][\/vc_row][vc_row full_width=&#8221;stretch_row_content&#8221;][vc_column][vc_column_text el_class=&#8221;legendes&#8221;] \u00a0\u00a9 Charles X\u00e9lot \/ Laureate of Bourse du Talent 2019 [\/vc_column_text][\/vc_column][\/vc_row][vc_section][vc_row][vc_column width=&#8221;1\/6&#8243;][\/vc_column][vc_column width=&#8221;2\/3&#8243;][vc_column_text]Picto Foundation supports Didier de Fa\u00ffs and photographie.com in the implementation and development of the Bourse du Talent, in the continuity of Picto&#8217;s involvement since its creation. The Bourse du [&hellip;]\" \/>\n<meta property=\"og:url\" content=\"https:\/\/www.pictofoundation.fr\/en\/experimenting-with-images\/bourse-du-talent\/\" \/>\n<meta property=\"og:site_name\" content=\"Picto Foundation\" \/>\n<meta property=\"article:modified_time\" content=\"2022-03-29T16:23:32+00:00\" \/>\n<meta property=\"og:image\" content=\"https:\/\/www.pictofoundation.fr\/wp-content\/uploads\/2021\/08\/15-torchere-copie.jpg\" \/>\n\t<meta property=\"og:image:width\" content=\"1800\" \/>\n\t<meta property=\"og:image:height\" content=\"1350\" \/>\n\t<meta property=\"og:image:type\" content=\"image\/jpeg\" \/>\n<meta name=\"twitter:card\" content=\"summary_large_image\" \/>\n<meta name=\"twitter:label1\" content=\"Est. reading time\" \/>\n\t<meta name=\"twitter:data1\" content=\"2 minutes\" \/>\n<script type=\"application\/ld+json\" class=\"yoast-schema-graph\">{\"@context\":\"https:\/\/schema.org\",\"@graph\":[{\"@type\":\"WebPage\",\"@id\":\"https:\/\/www.pictofoundation.fr\/en\/experimenting-with-images\/bourse-du-talent\/\",\"url\":\"https:\/\/www.pictofoundation.fr\/en\/experimenting-with-images\/bourse-du-talent\/\",\"name\":\"Bourse du Talent - Picto Foundation\",\"isPartOf\":{\"@id\":\"https:\/\/www.pictofoundation.fr\/en\/#website\"},\"primaryImageOfPage\":{\"@id\":\"https:\/\/www.pictofoundation.fr\/en\/experimenting-with-images\/bourse-du-talent\/#primaryimage\"},\"image\":{\"@id\":\"https:\/\/www.pictofoundation.fr\/en\/experimenting-with-images\/bourse-du-talent\/#primaryimage\"},\"thumbnailUrl\":\"https:\/\/www.pictofoundation.fr\/wp-content\/uploads\/2021\/08\/15-torchere-copie.jpg\",\"datePublished\":\"2021-08-07T09:46:37+00:00\",\"dateModified\":\"2022-03-29T16:23:32+00:00\",\"breadcrumb\":{\"@id\":\"https:\/\/www.pictofoundation.fr\/en\/experimenting-with-images\/bourse-du-talent\/#breadcrumb\"},\"inLanguage\":\"en-US\",\"potentialAction\":[{\"@type\":\"ReadAction\",\"target\":[\"https:\/\/www.pictofoundation.fr\/en\/experimenting-with-images\/bourse-du-talent\/\"]}]},{\"@type\":\"ImageObject\",\"inLanguage\":\"en-US\",\"@id\":\"https:\/\/www.pictofoundation.fr\/en\/experimenting-with-images\/bourse-du-talent\/#primaryimage\",\"url\":\"https:\/\/www.pictofoundation.fr\/wp-content\/uploads\/2021\/08\/15-torchere-copie.jpg\",\"contentUrl\":\"https:\/\/www.pictofoundation.fr\/wp-content\/uploads\/2021\/08\/15-torchere-copie.jpg\",\"width\":1800,\"height\":1350,\"caption\":\"\u00a9 Charles X\u00e9lot\"},{\"@type\":\"BreadcrumbList\",\"@id\":\"https:\/\/www.pictofoundation.fr\/en\/experimenting-with-images\/bourse-du-talent\/#breadcrumb\",\"itemListElement\":[{\"@type\":\"ListItem\",\"position\":1,\"name\":\"Accueil\",\"item\":\"https:\/\/www.pictofoundation.fr\/en\/\"},{\"@type\":\"ListItem\",\"position\":2,\"name\":\"EXPERIMENTING WITH IMAGES\",\"item\":\"https:\/\/www.pictofoundation.fr\/en\/experimenting-with-images\/\"},{\"@type\":\"ListItem\",\"position\":3,\"name\":\"Bourse du Talent\"}]},{\"@type\":\"WebSite\",\"@id\":\"https:\/\/www.pictofoundation.fr\/en\/#website\",\"url\":\"https:\/\/www.pictofoundation.fr\/en\/\",\"name\":\"Picto Foundation\",\"description\":\"Site de la fondation Picto, Groupe Picto\",\"potentialAction\":[{\"@type\":\"SearchAction\",\"target\":{\"@type\":\"EntryPoint\",\"urlTemplate\":\"https:\/\/www.pictofoundation.fr\/en\/?s={search_term_string}\"},\"query-input\":{\"@type\":\"PropertyValueSpecification\",\"valueRequired\":true,\"valueName\":\"search_term_string\"}}],\"inLanguage\":\"en-US\"}]}<\/script>\n<!-- \/ Yoast SEO plugin. -->","yoast_head_json":{"title":"Bourse du Talent - Picto Foundation","robots":{"index":"index","follow":"follow","max-snippet":"max-snippet:-1","max-image-preview":"max-image-preview:large","max-video-preview":"max-video-preview:-1"},"canonical":"https:\/\/www.pictofoundation.fr\/en\/experimenting-with-images\/bourse-du-talent\/","og_locale":"en_US","og_type":"article","og_title":"Bourse du Talent - Picto Foundation","og_description":"[vc_row full_width=&#8221;stretch_row_content_no_spaces&#8221; full_height=&#8221;yes&#8221; awb_type=&#8221;image&#8221; awb_image_background_position=&#8221;50% 50%&#8221; awb_color=&#8221;rgba(0,0,0,0.75)&#8221; awb_image=&#8221;5067&#8243;][vc_column][vc_custom_heading source=&#8221;post_title&#8221; font_container=&#8221;tag:div|font_size:50|text_align:center|color:%23ffffff&#8221; google_fonts=&#8221;font_family:Lato%3A100%2C100italic%2C300%2C300italic%2Cregular%2Citalic%2C700%2C700italic%2C900%2C900italic|font_style:700%20bold%20regular%3A700%3Anormal&#8221;][\/vc_column][\/vc_row][vc_row full_width=&#8221;stretch_row_content&#8221;][vc_column][vc_column_text el_class=&#8221;legendes&#8221;] \u00a0\u00a9 Charles X\u00e9lot \/ Laureate of Bourse du Talent 2019 [\/vc_column_text][\/vc_column][\/vc_row][vc_section][vc_row][vc_column width=&#8221;1\/6&#8243;][\/vc_column][vc_column width=&#8221;2\/3&#8243;][vc_column_text]Picto Foundation supports Didier de Fa\u00ffs and photographie.com in the implementation and development of the Bourse du Talent, in the continuity of Picto&#8217;s involvement since its creation. The Bourse du [&hellip;]","og_url":"https:\/\/www.pictofoundation.fr\/en\/experimenting-with-images\/bourse-du-talent\/","og_site_name":"Picto Foundation","article_modified_time":"2022-03-29T16:23:32+00:00","og_image":[{"width":1800,"height":1350,"url":"https:\/\/www.pictofoundation.fr\/wp-content\/uploads\/2021\/08\/15-torchere-copie.jpg","type":"image\/jpeg"}],"twitter_card":"summary_large_image","twitter_misc":{"Est. reading time":"2 minutes"},"schema":{"@context":"https:\/\/schema.org","@graph":[{"@type":"WebPage","@id":"https:\/\/www.pictofoundation.fr\/en\/experimenting-with-images\/bourse-du-talent\/","url":"https:\/\/www.pictofoundation.fr\/en\/experimenting-with-images\/bourse-du-talent\/","name":"Bourse du Talent - Picto Foundation","isPartOf":{"@id":"https:\/\/www.pictofoundation.fr\/en\/#website"},"primaryImageOfPage":{"@id":"https:\/\/www.pictofoundation.fr\/en\/experimenting-with-images\/bourse-du-talent\/#primaryimage"},"image":{"@id":"https:\/\/www.pictofoundation.fr\/en\/experimenting-with-images\/bourse-du-talent\/#primaryimage"},"thumbnailUrl":"https:\/\/www.pictofoundation.fr\/wp-content\/uploads\/2021\/08\/15-torchere-copie.jpg","datePublished":"2021-08-07T09:46:37+00:00","dateModified":"2022-03-29T16:23:32+00:00","breadcrumb":{"@id":"https:\/\/www.pictofoundation.fr\/en\/experimenting-with-images\/bourse-du-talent\/#breadcrumb"},"inLanguage":"en-US","potentialAction":[{"@type":"ReadAction","target":["https:\/\/www.pictofoundation.fr\/en\/experimenting-with-images\/bourse-du-talent\/"]}]},{"@type":"ImageObject","inLanguage":"en-US","@id":"https:\/\/www.pictofoundation.fr\/en\/experimenting-with-images\/bourse-du-talent\/#primaryimage","url":"https:\/\/www.pictofoundation.fr\/wp-content\/uploads\/2021\/08\/15-torchere-copie.jpg","contentUrl":"https:\/\/www.pictofoundation.fr\/wp-content\/uploads\/2021\/08\/15-torchere-copie.jpg","width":1800,"height":1350,"caption":"\u00a9 Charles X\u00e9lot"},{"@type":"BreadcrumbList","@id":"https:\/\/www.pictofoundation.fr\/en\/experimenting-with-images\/bourse-du-talent\/#breadcrumb","itemListElement":[{"@type":"ListItem","position":1,"name":"Accueil","item":"https:\/\/www.pictofoundation.fr\/en\/"},{"@type":"ListItem","position":2,"name":"EXPERIMENTING WITH IMAGES","item":"https:\/\/www.pictofoundation.fr\/en\/experimenting-with-images\/"},{"@type":"ListItem","position":3,"name":"Bourse du Talent"}]},{"@type":"WebSite","@id":"https:\/\/www.pictofoundation.fr\/en\/#website","url":"https:\/\/www.pictofoundation.fr\/en\/","name":"Picto Foundation","description":"Site de la fondation Picto, Groupe Picto","potentialAction":[{"@type":"SearchAction","target":{"@type":"EntryPoint","urlTemplate":"https:\/\/www.pictofoundation.fr\/en\/?s={search_term_string}"},"query-input":{"@type":"PropertyValueSpecification","valueRequired":true,"valueName":"search_term_string"}}],"inLanguage":"en-US"}]}},"_links":{"self":[{"href":"https:\/\/www.pictofoundation.fr\/en\/wp-json\/wp\/v2\/pages\/7275","targetHints":{"allow":["GET"]}}],"collection":[{"href":"https:\/\/www.pictofoundation.fr\/en\/wp-json\/wp\/v2\/pages"}],"about":[{"href":"https:\/\/www.pictofoundation.fr\/en\/wp-json\/wp\/v2\/types\/page"}],"author":[{"embeddable":true,"href":"https:\/\/www.pictofoundation.fr\/en\/wp-json\/wp\/v2\/users\/3"}],"replies":[{"embeddable":true,"href":"https:\/\/www.pictofoundation.fr\/en\/wp-json\/wp\/v2\/comments?post=7275"}],"version-history":[{"count":0,"href":"https:\/\/www.pictofoundation.fr\/en\/wp-json\/wp\/v2\/pages\/7275\/revisions"}],"up":[{"embeddable":true,"href":"https:\/\/www.pictofoundation.fr\/en\/wp-json\/wp\/v2\/pages\/7141"}],"wp:featuredmedia":[{"embeddable":true,"href":"https:\/\/www.pictofoundation.fr\/en\/wp-json\/wp\/v2\/media\/6857"}],"wp:attachment":[{"href":"https:\/\/www.pictofoundation.fr\/en\/wp-json\/wp\/v2\/media?parent=7275"}],"curies":[{"name":"wp","href":"https:\/\/api.w.org\/{rel}","templated":true}]}}