{"id":7360,"date":"2021-04-13T16:12:55","date_gmt":"2021-04-13T14:12:55","guid":{"rendered":"https:\/\/www.pictofoundation.fr\/1648455247864\/politique-de-confidentialite\/"},"modified":"2022-03-29T19:39:54","modified_gmt":"2022-03-29T17:39:54","slug":"privacy-policy","status":"publish","type":"page","link":"https:\/\/www.pictofoundation.fr\/en\/privacy-policy\/","title":{"rendered":"Privacy Policy"},"content":{"rendered":"<p>[vc_row full_width=&#8221;stretch_row_content_no_spaces&#8221; full_height=&#8221;yes&#8221; awb_type=&#8221;image&#8221; awb_image_background_position=&#8221;50% 50%&#8221; awb_color=&#8221;rgba(0,0,0,0.75)&#8221; awb_image=&#8221;4338&#8243;][vc_column][vc_custom_heading source=&#8221;post_title&#8221; font_container=&#8221;tag:div|font_size:50|text_align:center|color:%23ffffff&#8221; google_fonts=&#8221;font_family:Lato%3A100%2C100italic%2C300%2C300italic%2Cregular%2Citalic%2C700%2C700italic%2C900%2C900italic|font_style:700%20bold%20regular%3A700%3Anormal&#8221;]<div id=\"ultimate-heading-552569f3aa98d027d\" class=\"uvc-heading ult-adjust-bottom-margin ultimate-heading-552569f3aa98d027d uvc-1290 \" data-hspacer=\"no_spacer\"  data-halign=\"center\" style=\"text-align:center\"><div class=\"uvc-heading-spacer no_spacer\" style=\"top\"><\/div><div class=\"uvc-sub-heading ult-responsive\"  data-ultimate-target='.uvc-heading.ultimate-heading-552569f3aa98d027d .uvc-sub-heading '  data-responsive-json-new='{\"font-size\":\"desktop:20px;\",\"line-height\":\"\"}'  style=\"font-family:&#039;Lato&#039;;font-weight:300;color:#ffffff;\">Please see our Privacy Policy about pictofoundation.fr website.<\/div><\/div>[\/vc_column][\/vc_row][vc_row full_width=&#8221;stretch_row_content&#8221;][vc_column][vc_column_text el_class=&#8221;legendes&#8221;]<\/p>\n<p style=\"text-align: right;\">St\u00e9phane Lavou\u00e9 Artists&#8217; objects<\/p>\n<p>[\/vc_column_text][\/vc_column][\/vc_row][vc_section][vc_row][vc_column width=&#8221;1\/6&#8243;][\/vc_column][vc_column width=&#8221;2\/3&#8243;]<div class=\"ult-spacer spacer-69f3aa98d02d9\" data-id=\"69f3aa98d02d9\" data-height=\"50\" data-height-mobile=\"50\" data-height-tab=\"50\" data-height-tab-portrait=\"\" data-height-mobile-landscape=\"\" style=\"clear:both;display:block;\"><\/div>[vc_column_text]<strong>Introduction<\/strong><\/p>\n<p>Dans le cadre de son activit\u00e9, PICTORIAL Service, soci\u00e9t\u00e9 \u00e9ditrice du site <a href=\"http:\/\/Pictofoundation.fr\">Pictofoundation.fr<\/a> et dont le si\u00e8ge social est situ\u00e9 au 53 bis rue de la Roquette &#8211; 75011 Paris, est amen\u00e9e \u00e0 collecter et \u00e0 traiter des informations dont certaines sont qualifi\u00e9es de &#8220;donn\u00e9es personnelles&#8221;. PICTORIAL Service attache une grande importance au respect de la vie priv\u00e9e, et n\u2019utilise que des donnes de mani\u00e8re responsable et confidentielle et dans une finalit\u00e9 pr\u00e9cise.<\/p>\n<p><strong>Donn\u00e9es personnelles <\/strong><\/p>\n<p>Sur le site web pictofoundation.fr, il y a 2 types de donn\u00e9es susceptibles d\u2019\u00eatre recueillies :<\/p>\n<ul>\n<li>Les donn\u00e9es transmises directement<\/li>\n<\/ul>\n<p>Ces donn\u00e9es sont celles que vous nous transmettez directement, via le formulaire de contact ou bien par contact direct par email. Sont obligatoires dans le formulaire de contact le champs \u00ab nom \u00bb et \u00ab adresse email \u00bb. Sont obligatoires dans le formulaire d&#8217;inscription \u00e0 la newsletter le champs \u00ab profession \u00bb, \u00ab nom, pr\u00e9nom \u00bb et \u00ab adresse email \u00bb.<\/p>\n<ul>\n<li>Les donn\u00e9es collect\u00e9es automatiquement<\/li>\n<\/ul>\n<p>Lors de vos visites, une fois votre consentement donn\u00e9, nous pouvons recueillir des informations de type \u00ab web analytics \u00bb relatives \u00e0 votre navigation, la dur\u00e9e de votre consultation, votre adresse IP, votre type et version de navigateur. La technologie utilis\u00e9e est le cookie.<\/p>\n<p><strong>Utilisation des donn\u00e9es <\/strong><\/p>\n<p>Les donn\u00e9es que vous nous transmettez directement sont utilis\u00e9es dans le but de vous re-contacter et\/ou dans le cadre de la demande que vous nous faites. Les donn\u00e9es \u00ab web analytics \u00bb sont collect\u00e9es de forme anonyme (en enregistrant des adresses IP anonymes) par Google Analytics, et nous permettent de mesurer l&#8217;audience de notre site web, les consultations et les \u00e9ventuelles erreurs afin d\u2019am\u00e9liorer constamment l\u2019exp\u00e9rience des utilisateurs. Les donn\u00e9es concernant votre inscription \u00e0 la newsletter sont collect\u00e9es par Mailchimp, plateforme d&#8217;envoi e-mailing. Les donn\u00e9es et la gestion de votre abonnement seront modifiables, supprimables directement depuis nos envois de newsletters.<\/p>\n<p>L&#8217;ensemble de ces donn\u00e9es sont utilis\u00e9es par PICTORIAL Service, responsable du traitement des donn\u00e9es, et ne seront jamais c\u00e9d\u00e9es \u00e0 un tiers ni utilis\u00e9es \u00e0 d\u2019autres fins que celles d\u00e9taill\u00e9es ci-dessus.<\/p>\n<p><strong>Base l\u00e9gale <\/strong><\/p>\n<p>Les donn\u00e9es personnelles ne sont collect\u00e9es qu\u2019apr\u00e8s consentement obligatoire de l\u2019utilisateur. Ce consentement est valablement recueilli gr\u00e2ce au bandeau de consentement visible en bas de page lors de votre premi\u00e8re connexion. Il vous est possible de choisir les informations que vous souhaitez nous transmettre (tous, aucun ou certains gr\u00e2ce \u00e0 des boutons d&#8217;activation.<\/p>\n<p><strong>Dur\u00e9e de conservation <\/strong><\/p>\n<p>Les donn\u00e9es seront sauvegard\u00e9es durant une dur\u00e9e maximale de 3 ans.<\/p>\n<p><strong>Cookies <\/strong><\/p>\n<p>Voici la liste des cookies utilis\u00e9es et leur objectif :<\/p>\n<ul>\n<li>Cookies Google Analytics : Permet d&#8217;analiser les statistiques des visites<\/li>\n<li>Complianz : Permet de garder en m\u00e9moire le fait que vous acceptez les cookies afin de ne plus vous importuner lors de votre prochaine visite. Vous pouvez enregistrer vos pr\u00e9f\u00e9rences pour vos futures visites.<\/li>\n<li>Contact Form 7 : notre formulaire de contact vous permet de nous contacter de mani\u00e8re s\u00e9curiser, les donn\u00e9es demand\u00e9es permettent \u00e0 nos \u00e9quipes de vous r\u00e9pondre en retour.<\/li>\n<li>Mailchimp Form : notre formulaire d&#8217;inscription \u00e0 la newsletter vous permet de collecter vos donn\u00e9es pour recevoir les lettres d&#8217;informations souhait\u00e9es.<\/li>\n<li>Cookies fonctionnels du site : ACF, History (m\u00e9moire cache des pages de notre site pour un affichage plus rapide), Google Fonts API (pour un affichage des typographiques sp\u00e9cifiques), Google Maps API (aucune donn\u00e9e de g\u00e9olocalisation n&#8217;est demand\u00e9e, affichage du positionnement de la soci\u00e9t\u00e9 sur une carte Google) et YouTube (pour int\u00e9gration de vid\u00e9os sur le site provenant de <a href=\"https:\/\/www.youtube.com\/channel\/UCfJEuhrx2S0RfuycW2VRpgA\/featured\" target=\"_blank\" rel=\"noopener\">notre page Youtube<\/a>)<\/li>\n<\/ul>\n<p>&nbsp;<\/p>\n<p><strong>Vos droits concernant les donn\u00e9es personnelles <\/strong><\/p>\n<p>Vous avez le droit de consultation, demande de modification ou d\u2019effacement sur l\u2019ensemble de vos donn\u00e9es personnelles. Vous pouvez \u00e9galement retirer votre consentement au traitement de vos donn\u00e9es gr\u00e2ce \u00e0 notre bandeau de consentement.<\/p>\n<p><strong>D\u00e9sactivation des cookies <\/strong><\/p>\n<p>Vous pouvez d\u00e9sactiver tous les cookies en suivant les instructions suivantes :<\/p>\n<ul>\n<li>Si vous utilisez le navigateur Internet Explorer<br \/>\nDans Internet Explorer, cliquez sur le bouton \u201cOutils\u201d, puis sur \u201cOptions Internet\u201d. Sous l&#8217;onglet \u201cG\u00e9n\u00e9ral\u201d, sous \u201cHistorique de navigation\u201d, cliquez sur \u201cParam\u00e8tres\u201d. Cliquez sur le bouton \u201cAfficher les fichiers\u201d. Cliquez sur l&#8217;en-t\u00eate de colonne \u201cNom\u201d pour trier tous les fichiers dans l&#8217;ordre alphab\u00e9tique, puis parcourez la liste jusqu&#8217;\u00e0 ce que vous voyiez des fichiers commen\u00e7ant par le pr\u00e9fixe \u201cCookie\u201d. (tous les cookies poss\u00e8dent ce pr\u00e9fixe et contiennent habituellement le nom du site Web qui a cr\u00e9\u00e9 le cookie). S\u00e9lectionnez le ou les cookies comprenant le nom \u00ab www.pictofoundation.fr \u00bb et supprimez-les. Fermez la fen\u00eatre qui contient la liste des fichiers, puis cliquez deux fois sur \u201cOK\u201d pour retourner dans Internet Explorer.<\/li>\n<li>Si vous utilisez le navigateur Firefox<br \/>\nAllez dans l&#8217;onglet \u201cOutils\u201d du navigateur puis s\u00e9lectionnez le menu \u201cOptions\u201d Dans la fen\u00eatre qui s&#8217;affiche, choisissez \u201cVie priv\u00e9e\u201d et cliquez sur \u201cAffichez les cookies\u201d Rep\u00e9rez les fichiers qui contiennent le nom &#8220;www.pictofoundation.fr&#8221; S\u00e9lectionnez-les et supprimez-les.<\/li>\n<li>Si vous utilisez le navigateur Safari<br \/>\nDans votre navigateur, choisissez le menu \u201c\u00c9dition &gt; Pr\u00e9f\u00e9rences\u201d. Cliquez sur \u201cS\u00e9curit\u00e9\u201d. Cliquez sur \u201cAfficher les cookies\u201d. S\u00e9lectionnez les cookies qui contiennent le nom &#8220;www.pictofoundation.fr&#8221; et cliquez sur \u201cEffacer\u201d ou sur \u201cTout effacer\u201d. Apr\u00e8s avoir supprim\u00e9 les cookies, cliquez sur \u201cTermin\u00e9\u201d.<\/li>\n<li>Si vous utilisez le navigateur Google Chrome.<br \/>\nCliquez sur l&#8217;ic\u00f4ne du menu \u201cOutils\u201d. S\u00e9lectionnez \u201cOptions\u201d. Cliquez sur l&#8217;onglet \u201cOptions avanc\u00e9es\u201d et acc\u00e9dez \u00e0 la section &#8220;Confidentialit\u00e9&#8221;. Cliquez sur le bouton \u201cAfficher les cookies\u201d. Rep\u00e9rez les fichiers qui contiennent le nom \u201c &#8220;www.pictofoundation.fr&#8221; S\u00e9lectionnez-les et supprimez-les. Cliquez sur \u201cFermer\u201d pour revenir \u00e0 votre navigateur<\/li>\n<\/ul>\n<p>&nbsp;<\/p>\n<p><strong>Contactez-nous concernant la protection des donn\u00e9es\u00a0<\/strong><\/p>\n<p>Pour toutes demandes ou questions veuillez utiliser l&#8217;adresse email sp\u00e9cifique <a href=\"mailto:rgpd@picto.fr\">rgpd@picto.fr<\/a>. Nous vous r\u00e9pondrons dans les meilleurs d\u00e9lais.[\/vc_column_text][\/vc_column][vc_column width=&#8221;1\/6&#8243;][\/vc_column][\/vc_row][\/vc_section][vc_row][vc_column][vc_empty_space height=&#8221;50px&#8221;][\/vc_column][\/vc_row]<\/p>\n","protected":false},"excerpt":{"rendered":"<p>[vc_row full_width=&#8221;stretch_row_content_no_spaces&#8221; full_height=&#8221;yes&#8221; awb_type=&#8221;image&#8221; awb_image_background_position=&#8221;50% 50%&#8221; awb_color=&#8221;rgba(0,0,0,0.75)&#8221; awb_image=&#8221;4338&#8243;][vc_column][vc_custom_heading source=&#8221;post_title&#8221; font_container=&#8221;tag:div|font_size:50|text_align:center|color:%23ffffff&#8221; google_fonts=&#8221;font_family:Lato%3A100%2C100italic%2C300%2C300italic%2Cregular%2Citalic%2C700%2C700italic%2C900%2C900italic|font_style:700%20bold%20regular%3A700%3Anormal&#8221;][\/vc_column][\/vc_row][vc_row full_width=&#8221;stretch_row_content&#8221;][vc_column][vc_column_text el_class=&#8221;legendes&#8221;] St\u00e9phane Lavou\u00e9 Artists&#8217; objects [\/vc_column_text][\/vc_column][\/vc_row][vc_section][vc_row][vc_column width=&#8221;1\/6&#8243;][\/vc_column][vc_column width=&#8221;2\/3&#8243;][vc_column_text]Introduction Dans le cadre de son activit\u00e9, PICTORIAL Service, soci\u00e9t\u00e9 \u00e9ditrice du site Pictofoundation.fr et dont le si\u00e8ge social est situ\u00e9 au 53 bis rue de la Roquette &#8211; 75011 Paris, est amen\u00e9e \u00e0 collecter et [&hellip;]<\/p>\n","protected":false},"author":1,"featured_media":0,"parent":0,"menu_order":0,"comment_status":"closed","ping_status":"open","template":"template-custom-page.php","meta":{"_acf_changed":false,"_vp_format_video_url":"","_vp_image_focal_point":[],"footnotes":""},"class_list":["post-7360","page","type-page","status-publish","hentry"],"acf":[],"yoast_head":"<!-- This site is optimized with the Yoast SEO plugin v25.4 - https:\/\/yoast.com\/wordpress\/plugins\/seo\/ -->\n<title>Privacy Policy - Picto Foundation<\/title>\n<meta name=\"robots\" content=\"index, follow, max-snippet:-1, max-image-preview:large, max-video-preview:-1\" \/>\n<link rel=\"canonical\" href=\"https:\/\/www.pictofoundation.fr\/en\/privacy-policy\/\" \/>\n<meta property=\"og:locale\" content=\"en_US\" \/>\n<meta property=\"og:type\" content=\"article\" \/>\n<meta property=\"og:title\" content=\"Privacy Policy - Picto Foundation\" \/>\n<meta property=\"og:description\" content=\"[vc_row full_width=&#8221;stretch_row_content_no_spaces&#8221; full_height=&#8221;yes&#8221; awb_type=&#8221;image&#8221; awb_image_background_position=&#8221;50% 50%&#8221; awb_color=&#8221;rgba(0,0,0,0.75)&#8221; awb_image=&#8221;4338&#8243;][vc_column][vc_custom_heading source=&#8221;post_title&#8221; font_container=&#8221;tag:div|font_size:50|text_align:center|color:%23ffffff&#8221; google_fonts=&#8221;font_family:Lato%3A100%2C100italic%2C300%2C300italic%2Cregular%2Citalic%2C700%2C700italic%2C900%2C900italic|font_style:700%20bold%20regular%3A700%3Anormal&#8221;][\/vc_column][\/vc_row][vc_row full_width=&#8221;stretch_row_content&#8221;][vc_column][vc_column_text el_class=&#8221;legendes&#8221;] St\u00e9phane Lavou\u00e9 Artists&#8217; objects [\/vc_column_text][\/vc_column][\/vc_row][vc_section][vc_row][vc_column width=&#8221;1\/6&#8243;][\/vc_column][vc_column width=&#8221;2\/3&#8243;][vc_column_text]Introduction Dans le cadre de son activit\u00e9, PICTORIAL Service, soci\u00e9t\u00e9 \u00e9ditrice du site Pictofoundation.fr et dont le si\u00e8ge social est situ\u00e9 au 53 bis rue de la Roquette &#8211; 75011 Paris, est amen\u00e9e \u00e0 collecter et [&hellip;]\" \/>\n<meta property=\"og:url\" content=\"https:\/\/www.pictofoundation.fr\/en\/privacy-policy\/\" \/>\n<meta property=\"og:site_name\" content=\"Picto Foundation\" \/>\n<meta property=\"article:modified_time\" content=\"2022-03-29T17:39:54+00:00\" \/>\n<meta name=\"twitter:card\" content=\"summary_large_image\" \/>\n<meta name=\"twitter:label1\" content=\"Est. reading time\" \/>\n\t<meta name=\"twitter:data1\" content=\"5 minutes\" \/>\n<script type=\"application\/ld+json\" class=\"yoast-schema-graph\">{\"@context\":\"https:\/\/schema.org\",\"@graph\":[{\"@type\":\"WebPage\",\"@id\":\"https:\/\/www.pictofoundation.fr\/en\/privacy-policy\/\",\"url\":\"https:\/\/www.pictofoundation.fr\/en\/privacy-policy\/\",\"name\":\"Privacy Policy - Picto Foundation\",\"isPartOf\":{\"@id\":\"https:\/\/www.pictofoundation.fr\/en\/#website\"},\"datePublished\":\"2021-04-13T14:12:55+00:00\",\"dateModified\":\"2022-03-29T17:39:54+00:00\",\"breadcrumb\":{\"@id\":\"https:\/\/www.pictofoundation.fr\/en\/privacy-policy\/#breadcrumb\"},\"inLanguage\":\"en-US\",\"potentialAction\":[{\"@type\":\"ReadAction\",\"target\":[\"https:\/\/www.pictofoundation.fr\/en\/privacy-policy\/\"]}]},{\"@type\":\"BreadcrumbList\",\"@id\":\"https:\/\/www.pictofoundation.fr\/en\/privacy-policy\/#breadcrumb\",\"itemListElement\":[{\"@type\":\"ListItem\",\"position\":1,\"name\":\"Accueil\",\"item\":\"https:\/\/www.pictofoundation.fr\/en\/\"},{\"@type\":\"ListItem\",\"position\":2,\"name\":\"Privacy Policy\"}]},{\"@type\":\"WebSite\",\"@id\":\"https:\/\/www.pictofoundation.fr\/en\/#website\",\"url\":\"https:\/\/www.pictofoundation.fr\/en\/\",\"name\":\"Picto Foundation\",\"description\":\"Site de la fondation Picto, Groupe Picto\",\"potentialAction\":[{\"@type\":\"SearchAction\",\"target\":{\"@type\":\"EntryPoint\",\"urlTemplate\":\"https:\/\/www.pictofoundation.fr\/en\/?s={search_term_string}\"},\"query-input\":{\"@type\":\"PropertyValueSpecification\",\"valueRequired\":true,\"valueName\":\"search_term_string\"}}],\"inLanguage\":\"en-US\"}]}<\/script>\n<!-- \/ Yoast SEO plugin. -->","yoast_head_json":{"title":"Privacy Policy - Picto Foundation","robots":{"index":"index","follow":"follow","max-snippet":"max-snippet:-1","max-image-preview":"max-image-preview:large","max-video-preview":"max-video-preview:-1"},"canonical":"https:\/\/www.pictofoundation.fr\/en\/privacy-policy\/","og_locale":"en_US","og_type":"article","og_title":"Privacy Policy - Picto Foundation","og_description":"[vc_row full_width=&#8221;stretch_row_content_no_spaces&#8221; full_height=&#8221;yes&#8221; awb_type=&#8221;image&#8221; awb_image_background_position=&#8221;50% 50%&#8221; awb_color=&#8221;rgba(0,0,0,0.75)&#8221; awb_image=&#8221;4338&#8243;][vc_column][vc_custom_heading source=&#8221;post_title&#8221; font_container=&#8221;tag:div|font_size:50|text_align:center|color:%23ffffff&#8221; google_fonts=&#8221;font_family:Lato%3A100%2C100italic%2C300%2C300italic%2Cregular%2Citalic%2C700%2C700italic%2C900%2C900italic|font_style:700%20bold%20regular%3A700%3Anormal&#8221;][\/vc_column][\/vc_row][vc_row full_width=&#8221;stretch_row_content&#8221;][vc_column][vc_column_text el_class=&#8221;legendes&#8221;] St\u00e9phane Lavou\u00e9 Artists&#8217; objects [\/vc_column_text][\/vc_column][\/vc_row][vc_section][vc_row][vc_column width=&#8221;1\/6&#8243;][\/vc_column][vc_column width=&#8221;2\/3&#8243;][vc_column_text]Introduction Dans le cadre de son activit\u00e9, PICTORIAL Service, soci\u00e9t\u00e9 \u00e9ditrice du site Pictofoundation.fr et dont le si\u00e8ge social est situ\u00e9 au 53 bis rue de la Roquette &#8211; 75011 Paris, est amen\u00e9e \u00e0 collecter et [&hellip;]","og_url":"https:\/\/www.pictofoundation.fr\/en\/privacy-policy\/","og_site_name":"Picto Foundation","article_modified_time":"2022-03-29T17:39:54+00:00","twitter_card":"summary_large_image","twitter_misc":{"Est. reading time":"5 minutes"},"schema":{"@context":"https:\/\/schema.org","@graph":[{"@type":"WebPage","@id":"https:\/\/www.pictofoundation.fr\/en\/privacy-policy\/","url":"https:\/\/www.pictofoundation.fr\/en\/privacy-policy\/","name":"Privacy Policy - Picto Foundation","isPartOf":{"@id":"https:\/\/www.pictofoundation.fr\/en\/#website"},"datePublished":"2021-04-13T14:12:55+00:00","dateModified":"2022-03-29T17:39:54+00:00","breadcrumb":{"@id":"https:\/\/www.pictofoundation.fr\/en\/privacy-policy\/#breadcrumb"},"inLanguage":"en-US","potentialAction":[{"@type":"ReadAction","target":["https:\/\/www.pictofoundation.fr\/en\/privacy-policy\/"]}]},{"@type":"BreadcrumbList","@id":"https:\/\/www.pictofoundation.fr\/en\/privacy-policy\/#breadcrumb","itemListElement":[{"@type":"ListItem","position":1,"name":"Accueil","item":"https:\/\/www.pictofoundation.fr\/en\/"},{"@type":"ListItem","position":2,"name":"Privacy Policy"}]},{"@type":"WebSite","@id":"https:\/\/www.pictofoundation.fr\/en\/#website","url":"https:\/\/www.pictofoundation.fr\/en\/","name":"Picto Foundation","description":"Site de la fondation Picto, Groupe Picto","potentialAction":[{"@type":"SearchAction","target":{"@type":"EntryPoint","urlTemplate":"https:\/\/www.pictofoundation.fr\/en\/?s={search_term_string}"},"query-input":{"@type":"PropertyValueSpecification","valueRequired":true,"valueName":"search_term_string"}}],"inLanguage":"en-US"}]}},"_links":{"self":[{"href":"https:\/\/www.pictofoundation.fr\/en\/wp-json\/wp\/v2\/pages\/7360","targetHints":{"allow":["GET"]}}],"collection":[{"href":"https:\/\/www.pictofoundation.fr\/en\/wp-json\/wp\/v2\/pages"}],"about":[{"href":"https:\/\/www.pictofoundation.fr\/en\/wp-json\/wp\/v2\/types\/page"}],"author":[{"embeddable":true,"href":"https:\/\/www.pictofoundation.fr\/en\/wp-json\/wp\/v2\/users\/1"}],"replies":[{"embeddable":true,"href":"https:\/\/www.pictofoundation.fr\/en\/wp-json\/wp\/v2\/comments?post=7360"}],"version-history":[{"count":0,"href":"https:\/\/www.pictofoundation.fr\/en\/wp-json\/wp\/v2\/pages\/7360\/revisions"}],"wp:attachment":[{"href":"https:\/\/www.pictofoundation.fr\/en\/wp-json\/wp\/v2\/media?parent=7360"}],"curies":[{"name":"wp","href":"https:\/\/api.w.org\/{rel}","templated":true}]}}